{"id":3356,"date":"2021-08-07T17:47:11","date_gmt":"2021-08-07T17:47:11","guid":{"rendered":"https:\/\/www.avestours.com\/?page_id=3356"},"modified":"2022-05-16T02:40:19","modified_gmt":"2022-05-16T02:40:19","slug":"nosotros-aves-tours","status":"publish","type":"page","link":"https:\/\/www.avestours.com\/?page_id=3356","title":{"rendered":"Nosotros Aves Tours"},"content":{"rendered":"\t\t<div data-elementor-type=\"wp-page\" data-elementor-id=\"3356\" class=\"elementor elementor-3356\" data-elementor-settings=\"[]\">\n\t\t\t\t\t\t<div class=\"elementor-inner\">\n\t\t\t\t\t\t\t<div class=\"elementor-section-wrap\">\n\t\t\t\t\t\t\t<section class=\"elementor-section elementor-top-section elementor-element elementor-element-f7c3646 elementor-section-boxed elementor-section-height-default elementor-section-height-default\" data-id=\"f7c3646\" data-element_type=\"section\">\n\t\t\t\t\t\t<div class=\"elementor-container elementor-column-gap-default\">\n\t\t\t\t\t\t\t<div class=\"elementor-row\">\n\t\t\t\t\t<div class=\"elementor-column elementor-col-33 elementor-top-column elementor-element elementor-element-d9fccf8\" data-id=\"d9fccf8\" data-element_type=\"column\">\n\t\t\t<div class=\"elementor-column-wrap elementor-element-populated\">\n\t\t\t\t\t\t\t<div class=\"elementor-widget-wrap\">\n\t\t\t\t\t\t<div class=\"elementor-element elementor-element-ec5af78 elementor-widget elementor-widget-image\" data-id=\"ec5af78\" data-element_type=\"widget\" data-widget_type=\"image.default\">\n\t\t\t\t<div class=\"elementor-widget-container\">\n\t\t\t\t\t\t\t\t<div class=\"elementor-image\">\n\t\t\t\t\t\t\t\t\t\t\t\t<img loading=\"lazy\" decoding=\"async\" width=\"450\" height=\"600\" src=\"https:\/\/www.avestours.com\/wp-content\/uploads\/2021\/08\/Eduadro-Espinosa_A.jpg\" class=\"attachment-large size-large\" alt=\"\" \/>\t\t\t\t\t\t\t\t\t\t\t\t\t\t<\/div>\n\t\t\t\t\t\t<\/div>\n\t\t\t\t<\/div>\n\t\t\t\t\t\t<\/div>\n\t\t\t\t\t<\/div>\n\t\t<\/div>\n\t\t\t\t<div class=\"elementor-column elementor-col-33 elementor-top-column elementor-element elementor-element-c9025ff\" data-id=\"c9025ff\" data-element_type=\"column\">\n\t\t\t<div class=\"elementor-column-wrap\">\n\t\t\t\t\t\t\t<div class=\"elementor-widget-wrap\">\n\t\t\t\t\t\t\t\t<\/div>\n\t\t\t\t\t<\/div>\n\t\t<\/div>\n\t\t\t\t<div class=\"elementor-column elementor-col-33 elementor-top-column elementor-element elementor-element-f2613fa\" data-id=\"f2613fa\" data-element_type=\"column\">\n\t\t\t<div class=\"elementor-column-wrap elementor-element-populated\">\n\t\t\t\t\t\t\t<div class=\"elementor-widget-wrap\">\n\t\t\t\t\t\t<div class=\"elementor-element elementor-element-4414d4f elementor-widget elementor-widget-text-editor\" data-id=\"4414d4f\" data-element_type=\"widget\" data-widget_type=\"text-editor.default\">\n\t\t\t\t<div class=\"elementor-widget-container\">\n\t\t\t\t\t\t\t\t<div class=\"elementor-text-editor elementor-clearfix\">\n\t\t\t\tA Eduardo Espinosa le corre por las venas el buen gusto y por eso su agencia de viajes tiene ya una gran ventaja sobre cualquier otra.<br\/><br\/>Si a eso se suma el hecho de que naci\u00f3 en un medio en que los viajes eran una constante gracias a que sus abuelos eran diplom\u00e1ticos y sus padres siempre estuvieron vinculados al turismo, confiarle la planeaci\u00f3n de un viaje \u2013de lujo o no\u2013 ser\u00e1 el inicio de la mejor experiencia que se pueda esperar.<br\/><br\/>Su madre fund\u00f3 la agencia Aves Tours &#8211; CWT en 1981, y esos cuarenta a\u00f1os no han transcurrido en vano para Eduardo, quien profundiz\u00f3 los conocimientos adquiridos desde ni\u00f1o con sus estudios en Hoteler\u00eda y Turismo, lo que le ha permitido dominar el tema de la log\u00edstica necesaria para llevar a t\u00e9rmino con \u00e9xito cualquier proyecto que emprenda en este campo.<br\/><br\/>Su manera de ser, su vocaci\u00f3n y su amor por el oficio son garant\u00edas certeras de que quien cuente con \u00e9l como dise\u00f1ador de su experiencia \u2013hecha a la medida de los gustos y los intereses del viajero\u2013 quedar\u00e1 totalmente satisfecho con su decisi\u00f3n y realizar\u00e1 el m\u00e1s gratificante, enriquecedor e inolvidable recorrido.\t\t\t\t\t<\/div>\n\t\t\t\t\t\t<\/div>\n\t\t\t\t<\/div>\n\t\t\t\t\t\t<\/div>\n\t\t\t\t\t<\/div>\n\t\t<\/div>\n\t\t\t\t\t\t\t\t<\/div>\n\t\t\t\t\t<\/div>\n\t\t<\/section>\n\t\t\t\t<section class=\"elementor-section elementor-top-section elementor-element elementor-element-b99a80c elementor-section-boxed elementor-section-height-default elementor-section-height-default\" data-id=\"b99a80c\" data-element_type=\"section\">\n\t\t\t\t\t\t<div class=\"elementor-container elementor-column-gap-default\">\n\t\t\t\t\t\t\t<div class=\"elementor-row\">\n\t\t\t\t\t<div class=\"elementor-column elementor-col-100 elementor-top-column elementor-element elementor-element-54851ce\" data-id=\"54851ce\" data-element_type=\"column\">\n\t\t\t<div class=\"elementor-column-wrap elementor-element-populated\">\n\t\t\t\t\t\t\t<div class=\"elementor-widget-wrap\">\n\t\t\t\t\t\t<div class=\"elementor-element elementor-element-6de6110 elementor-widget elementor-widget-text-editor\" data-id=\"6de6110\" data-element_type=\"widget\" data-widget_type=\"text-editor.default\">\n\t\t\t\t<div class=\"elementor-widget-container\">\n\t\t\t\t\t\t\t\t<div class=\"elementor-text-editor elementor-clearfix\">\n\t\t\t\t<p>Eduardo tiene claro que lujo no es sin\u00f3nimo de dinero y que, por lo tanto, un viaje de lujo no implica necesariamente situaciones ostentosas y costosas, sino, m\u00e1s bien, experiencias simples que lleguen al alma por la sensibilidad que encierran y que s\u00f3lo alguien con el conocimiento profundo de los lugares que vale la pena visitar, sus secretos y su magia, est\u00e1 en condiciones de recomendar.<\/p>\t\t\t\t\t<\/div>\n\t\t\t\t\t\t<\/div>\n\t\t\t\t<\/div>\n\t\t\t\t<div class=\"elementor-element elementor-element-3c2aac0 elementor-widget elementor-widget-text-editor\" data-id=\"3c2aac0\" data-element_type=\"widget\" data-widget_type=\"text-editor.default\">\n\t\t\t\t<div class=\"elementor-widget-container\">\n\t\t\t\t\t\t\t\t<div class=\"elementor-text-editor elementor-clearfix\">\n\t\t\t\t<p>Adriana Camacho Casta\u00f1o<br \/>Revista Semana<\/p>\t\t\t\t\t<\/div>\n\t\t\t\t\t\t<\/div>\n\t\t\t\t<\/div>\n\t\t\t\t\t\t<\/div>\n\t\t\t\t\t<\/div>\n\t\t<\/div>\n\t\t\t\t\t\t\t\t<\/div>\n\t\t\t\t\t<\/div>\n\t\t<\/section>\n\t\t\t\t<section class=\"elementor-section elementor-top-section elementor-element elementor-element-62c3e73 elementor-section-boxed elementor-section-height-default elementor-section-height-default\" data-id=\"62c3e73\" data-element_type=\"section\">\n\t\t\t\t\t\t<div class=\"elementor-container elementor-column-gap-default\">\n\t\t\t\t\t\t\t<div class=\"elementor-row\">\n\t\t\t\t\t<div class=\"elementor-column elementor-col-100 elementor-top-column elementor-element elementor-element-132cec5\" data-id=\"132cec5\" data-element_type=\"column\">\n\t\t\t<div class=\"elementor-column-wrap elementor-element-populated\">\n\t\t\t\t\t\t\t<div class=\"elementor-widget-wrap\">\n\t\t\t\t\t\t<div class=\"elementor-element elementor-element-0994d0f elementor-align-center elementor-widget elementor-widget-button\" data-id=\"0994d0f\" data-element_type=\"widget\" data-widget_type=\"button.default\">\n\t\t\t\t<div class=\"elementor-widget-container\">\n\t\t\t\t\t<div class=\"elementor-button-wrapper\">\n\t\t\t<a href=\"https:\/\/www.avestours.com\/?page_id=84\" class=\"elementor-button-link elementor-button elementor-size-md\" role=\"button\">\n\t\t\t\t\t\t<span class=\"elementor-button-content-wrapper\">\n\t\t\t\t\t\t<span class=\"elementor-button-text\"><span style=\"font-family: didot-w01-italic; font-size: 15pt; font-style: italic; letter-spacing: 0.1em; \">Regresar<\/span><\/span>\n\t\t<\/span>\n\t\t\t\t\t<\/a>\n\t\t<\/div>\n\t\t\t\t<\/div>\n\t\t\t\t<\/div>\n\t\t\t\t\t\t<\/div>\n\t\t\t\t\t<\/div>\n\t\t<\/div>\n\t\t\t\t\t\t\t\t<\/div>\n\t\t\t\t\t<\/div>\n\t\t<\/section>\n\t\t\t\t<section class=\"elementor-section elementor-top-section elementor-element elementor-element-06c12a8 elementor-section-full_width elementor-section-height-default elementor-section-height-default\" data-id=\"06c12a8\" data-element_type=\"section\" data-settings=\"{&quot;background_background&quot;:&quot;classic&quot;}\">\n\t\t\t\t\t\t<div class=\"elementor-container elementor-column-gap-default\">\n\t\t\t\t\t\t\t<div class=\"elementor-row\">\n\t\t\t\t\t<div class=\"elementor-column elementor-col-20 elementor-top-column elementor-element elementor-element-a4f8b08\" data-id=\"a4f8b08\" data-element_type=\"column\">\n\t\t\t<div class=\"elementor-column-wrap\">\n\t\t\t\t\t\t\t<div class=\"elementor-widget-wrap\">\n\t\t\t\t\t\t\t\t<\/div>\n\t\t\t\t\t<\/div>\n\t\t<\/div>\n\t\t\t\t<div class=\"elementor-column elementor-col-20 elementor-top-column elementor-element elementor-element-8f85bc5\" data-id=\"8f85bc5\" data-element_type=\"column\">\n\t\t\t<div class=\"elementor-column-wrap elementor-element-populated\">\n\t\t\t\t\t\t\t<div class=\"elementor-widget-wrap\">\n\t\t\t\t\t\t<div class=\"elementor-element elementor-element-12e2267 elementor-widget elementor-widget-text-editor\" data-id=\"12e2267\" data-element_type=\"widget\" data-widget_type=\"text-editor.default\">\n\t\t\t\t<div class=\"elementor-widget-container\">\n\t\t\t\t\t\t\t\t<div class=\"elementor-text-editor elementor-clearfix\">\n\t\t\t\t<p>Contacto :<\/p>\t\t\t\t\t<\/div>\n\t\t\t\t\t\t<\/div>\n\t\t\t\t<\/div>\n\t\t\t\t<div class=\"elementor-element elementor-element-eb8620d elementor-widget elementor-widget-text-editor\" data-id=\"eb8620d\" data-element_type=\"widget\" data-widget_type=\"text-editor.default\">\n\t\t\t\t<div class=\"elementor-widget-container\">\n\t\t\t\t\t\t\t\t<div class=\"elementor-text-editor elementor-clearfix\">\n\t\t\t\tEduardo Espinosa | Gerente\nAves Tours <br>\n<a href=\"mailto:e-espinosa@avestours.com\">e-espinosa@avestours.com<\/a><br>\nOficina +57 601 551 0200<br>\n+57 601 551 0199<br>\nM\u00f3vil +57 310 809 9628<br>\nBogot\u00e1 D.C. \u2013 Colombia\t\t\t\t\t<\/div>\n\t\t\t\t\t\t<\/div>\n\t\t\t\t<\/div>\n\t\t\t\t\t\t<\/div>\n\t\t\t\t\t<\/div>\n\t\t<\/div>\n\t\t\t\t<div class=\"elementor-column elementor-col-20 elementor-top-column elementor-element elementor-element-31c2b2b\" data-id=\"31c2b2b\" data-element_type=\"column\">\n\t\t\t<div class=\"elementor-column-wrap\">\n\t\t\t\t\t\t\t<div class=\"elementor-widget-wrap\">\n\t\t\t\t\t\t\t\t<\/div>\n\t\t\t\t\t<\/div>\n\t\t<\/div>\n\t\t\t\t<div class=\"elementor-column elementor-col-20 elementor-top-column elementor-element elementor-element-11a87eb\" data-id=\"11a87eb\" data-element_type=\"column\">\n\t\t\t<div class=\"elementor-column-wrap elementor-element-populated\">\n\t\t\t\t\t\t\t<div class=\"elementor-widget-wrap\">\n\t\t\t\t\t\t<div class=\"elementor-element elementor-element-84d0974 elementor-widget elementor-widget-text-editor\" data-id=\"84d0974\" data-element_type=\"widget\" data-widget_type=\"text-editor.default\">\n\t\t\t\t<div class=\"elementor-widget-container\">\n\t\t\t\t\t\t\t\t<div class=\"elementor-text-editor elementor-clearfix\">\n\t\t\t\t<p>Informaci\u00f3n :<\/p>\t\t\t\t\t<\/div>\n\t\t\t\t\t\t<\/div>\n\t\t\t\t<\/div>\n\t\t\t\t<div class=\"elementor-element elementor-element-e4d534e elementor-widget elementor-widget-text-editor\" data-id=\"e4d534e\" data-element_type=\"widget\" data-widget_type=\"text-editor.default\">\n\t\t\t\t<div class=\"elementor-widget-container\">\n\t\t\t\t\t\t\t\t<div class=\"elementor-text-editor elementor-clearfix\">\n\t\t\t\t<p><a href=\"https:\/\/www.avestours.com\/?page_id=4647\">Pol\u00edtica de privacidad<\/a><br \/>Covid &#8211; 19<br \/><a href=\"https:\/\/www.avestours.com\/?page_id=85\">Cont\u00e1ctenos<\/a><\/p>\t\t\t\t\t<\/div>\n\t\t\t\t\t\t<\/div>\n\t\t\t\t<\/div>\n\t\t\t\t\t\t<\/div>\n\t\t\t\t\t<\/div>\n\t\t<\/div>\n\t\t\t\t<div class=\"elementor-column elementor-col-20 elementor-top-column elementor-element elementor-element-a6828d8\" data-id=\"a6828d8\" data-element_type=\"column\">\n\t\t\t<div class=\"elementor-column-wrap\">\n\t\t\t\t\t\t\t<div class=\"elementor-widget-wrap\">\n\t\t\t\t\t\t\t\t<\/div>\n\t\t\t\t\t<\/div>\n\t\t<\/div>\n\t\t\t\t\t\t\t\t<\/div>\n\t\t\t\t\t<\/div>\n\t\t<\/section>\n\t\t\t\t<section class=\"elementor-section elementor-top-section elementor-element elementor-element-1f39feb elementor-section-full_width elementor-section-height-default elementor-section-height-default\" data-id=\"1f39feb\" data-element_type=\"section\">\n\t\t\t\t\t\t<div class=\"elementor-container elementor-column-gap-default\">\n\t\t\t\t\t\t\t<div class=\"elementor-row\">\n\t\t\t\t\t<div class=\"elementor-column elementor-col-100 elementor-top-column elementor-element elementor-element-18b127c\" data-id=\"18b127c\" data-element_type=\"column\">\n\t\t\t<div class=\"elementor-column-wrap elementor-element-populated\">\n\t\t\t\t\t\t\t<div class=\"elementor-widget-wrap\">\n\t\t\t\t\t\t<div class=\"elementor-element elementor-element-b01de76 elementor-widget elementor-widget-copyright\" data-id=\"b01de76\" data-element_type=\"widget\" data-settings=\"{&quot;align&quot;:&quot;right&quot;}\" data-widget_type=\"copyright.default\">\n\t\t\t\t<div class=\"elementor-widget-container\">\n\t\t\t\t\t<div class=\"hfe-copyright-wrapper\">\n\t\t\t\t\t\t\t<a href=\"mailto:johnpablo777@yahoo.com\" target=\"_blank\">\n\t\t\t\t\t<span>Copyright \u00a9 2026 | John P. Castillo M.<\/span>\n\t\t\t\t<\/a>\n\t\t\t\t\t<\/div>\n\t\t\t\t<\/div>\n\t\t\t\t<\/div>\n\t\t\t\t\t\t<\/div>\n\t\t\t\t\t<\/div>\n\t\t<\/div>\n\t\t\t\t\t\t\t\t<\/div>\n\t\t\t\t\t<\/div>\n\t\t<\/section>\n\t\t\t\t\t\t<\/div>\n\t\t\t\t\t\t<\/div>\n\t\t\t\t\t<\/div>\n\t\t","protected":false},"excerpt":{"rendered":"<p>A Eduardo Espinosa le corre por las venas el buen gusto y por eso su agencia de viajes tiene ya una gran ventaja sobre cualquier otra. Si a eso se suma el hecho de que naci\u00f3 en un medio en que los viajes eran una constante gracias a que sus abuelos eran diplom\u00e1ticos y sus &hellip;<\/p>\n<p class=\"read-more\"> <a class=\"\" href=\"https:\/\/www.avestours.com\/?page_id=3356\"> <span class=\"screen-reader-text\">Nosotros Aves Tours<\/span> Leer m\u00e1s &raquo;<\/a><\/p>\n","protected":false},"author":1,"featured_media":0,"parent":0,"menu_order":0,"comment_status":"closed","ping_status":"closed","template":"","meta":{"site-sidebar-layout":"no-sidebar","site-content-layout":"page-builder","ast-main-header-display":"","ast-hfb-above-header-display":"","ast-hfb-below-header-display":"","ast-hfb-mobile-header-display":"","site-post-title":"disabled","ast-breadcrumbs-content":"","ast-featured-img":"disabled","footer-sml-layout":"","theme-transparent-header-meta":"default","adv-header-id-meta":"","stick-header-meta":"","header-above-stick-meta":"","header-main-stick-meta":"","header-below-stick-meta":"","footnotes":""},"class_list":["post-3356","page","type-page","status-publish","hentry"],"_links":{"self":[{"href":"https:\/\/www.avestours.com\/index.php?rest_route=\/wp\/v2\/pages\/3356","targetHints":{"allow":["GET"]}}],"collection":[{"href":"https:\/\/www.avestours.com\/index.php?rest_route=\/wp\/v2\/pages"}],"about":[{"href":"https:\/\/www.avestours.com\/index.php?rest_route=\/wp\/v2\/types\/page"}],"author":[{"embeddable":true,"href":"https:\/\/www.avestours.com\/index.php?rest_route=\/wp\/v2\/users\/1"}],"replies":[{"embeddable":true,"href":"https:\/\/www.avestours.com\/index.php?rest_route=%2Fwp%2Fv2%2Fcomments&post=3356"}],"version-history":[{"count":37,"href":"https:\/\/www.avestours.com\/index.php?rest_route=\/wp\/v2\/pages\/3356\/revisions"}],"predecessor-version":[{"id":5329,"href":"https:\/\/www.avestours.com\/index.php?rest_route=\/wp\/v2\/pages\/3356\/revisions\/5329"}],"wp:attachment":[{"href":"https:\/\/www.avestours.com\/index.php?rest_route=%2Fwp%2Fv2%2Fmedia&parent=3356"}],"curies":[{"name":"wp","href":"https:\/\/api.w.org\/{rel}","templated":true}]}}